{"id":286,"date":"2020-02-15T14:42:41","date_gmt":"2020-02-15T11:42:41","guid":{"rendered":"http:\/\/laszirh.com\/?page_id=286"},"modified":"2025-12-22T20:38:25","modified_gmt":"2025-12-22T17:38:25","slug":"contact-us","status":"publish","type":"page","link":"https:\/\/laszirh.com\/en\/contact-us\/","title":{"rendered":"Contact Us"},"content":{"rendered":"\t\t<div data-elementor-type=\"wp-page\" data-elementor-id=\"286\" class=\"elementor elementor-286\" data-elementor-post-type=\"page\">\n\t\t\t\t\t\t<section class=\"elementor-section elementor-top-section elementor-element elementor-element-61419d76 elementor-section-boxed elementor-section-height-default elementor-section-height-default\" data-id=\"61419d76\" data-element_type=\"section\">\n\t\t\t\t\t\t<div class=\"elementor-container elementor-column-gap-default\">\n\t\t\t\t\t<div class=\"elementor-column elementor-col-100 elementor-top-column elementor-element elementor-element-357cbc0b\" data-id=\"357cbc0b\" data-element_type=\"column\">\n\t\t\t<div class=\"elementor-widget-wrap elementor-element-populated\">\n\t\t\t\t\t\t<div class=\"elementor-element elementor-element-42572cd7 elementor-widget elementor-widget-text-editor\" data-id=\"42572cd7\" data-element_type=\"widget\" data-widget_type=\"text-editor.default\">\n\t\t\t\t<div class=\"elementor-widget-container\">\n\t\t\t\t\t\t\t<div style='padding-bottom:10px;' class='av-special-heading av-special-heading-h1    '><h1 class='av-special-heading-tag '  itemprop=\"headline\"  >Contact Us<\/h1><div class='special-heading-border'><div class='special-heading-inner-border' ><\/div><\/div><\/div>\n\n<section class=\"av_textblock_section \"  itemscope=\"itemscope\" itemtype=\"https:\/\/schema.org\/CreativeWork\" ><div class='avia_textblock  '   itemprop=\"text\" ><p><iframe\n  style=\"border: 0;\"\n  src=\"https:\/\/www.google.com\/maps\/embed?pb=!1m18!1m12!1m3!1d3005.267666894963!2d28.638931315174442!3d41.12868241995612!2m3!1f0!2f0!3f0!3m2!1i1024!2i768!4f13.1!3m3!1m2!1s0x14b5578ed86286f5%3A0x51260f3e842ee1e4!2zT21lcmxpLCBIYWtrxLEgSWxlcmkgQ2QuIE5vOjU0LCAzNDU1NSBBcm5hdnV0a8O2eS9Jc3RhbmJ1bA!5e0!3m2!1sen!2sen!4v1583012454694!5m2!1sen!2sen\"\n  width=\"1210\"\n  height=\"400\"\n  frameborder=\"0\"\n  allowfullscreen\n  loading=\"lazy\"><br \/>\n<\/iframe><\/p>\n<\/div><\/section>\n\n<div class=\"flex_column av_two_third  av-animated-generic bottom-to-top  flex_column_div av-zero-column-padding first  \" style='border-radius:0px; '><section class=\"av_textblock_section \"  itemscope=\"itemscope\" itemtype=\"https:\/\/schema.org\/CreativeWork\" ><div class='avia_textblock  '   itemprop=\"text\" ><div role=\"form\" class=\"wpcf7\" id=\"wpcf7-f285-o1\" lang=\"tr-TR\" dir=\"ltr\">\n<div class=\"screen-reader-response\"><\/div>\n<form action=\"\/en\/wp-json\/wp\/v2\/pages\/286#wpcf7-f285-o1\" method=\"post\" class=\"wpcf7-form\" novalidate=\"novalidate\">\n<div style=\"display: none;\">\n<input type=\"hidden\" name=\"_wpcf7\" value=\"285\" \/>\n<input type=\"hidden\" name=\"_wpcf7_version\" value=\"5.1.7\" \/>\n<input type=\"hidden\" name=\"_wpcf7_locale\" value=\"tr_TR\" \/>\n<input type=\"hidden\" name=\"_wpcf7_unit_tag\" value=\"wpcf7-f285-o1\" \/>\n<input type=\"hidden\" name=\"_wpcf7_container_post\" value=\"0\" \/>\n<\/div>\n<p><label> Name Surname (required)<br \/>\n    <span class=\"wpcf7-form-control-wrap your-name\"><input type=\"text\" name=\"your-name\" value=\"\" size=\"40\" class=\"wpcf7-form-control wpcf7-text wpcf7-validates-as-required\" aria-required=\"true\" aria-invalid=\"false\" \/><\/span> <\/label><\/p>\n<p><label> Phone (required)<br \/>\n    <span class=\"wpcf7-form-control-wrap telefon\"><input type=\"tel\" name=\"telefon\" value=\"\" size=\"40\" class=\"wpcf7-form-control wpcf7-text wpcf7-tel wpcf7-validates-as-required wpcf7-validates-as-tel\" aria-required=\"true\" aria-invalid=\"false\" \/><\/span> <\/label><\/p>\n<p><label> E-mail (required)<br \/>\n    <span class=\"wpcf7-form-control-wrap your-email\"><input type=\"email\" name=\"your-email\" value=\"\" size=\"40\" class=\"wpcf7-form-control wpcf7-text wpcf7-email wpcf7-validates-as-required wpcf7-validates-as-email\" aria-required=\"true\" aria-invalid=\"false\" \/><\/span> <\/label><\/p>\n<p><label> Subject (required)<br \/>\n    <span class=\"wpcf7-form-control-wrap your-subject\"><input type=\"text\" name=\"your-subject\" value=\"\" size=\"40\" class=\"wpcf7-form-control wpcf7-text wpcf7-validates-as-required\" aria-required=\"true\" aria-invalid=\"false\" \/><\/span> <\/label><\/p>\n<p><label> Messsage (required)<br \/>\n    <span class=\"wpcf7-form-control-wrap your-message\"><textarea name=\"your-message\" cols=\"40\" rows=\"10\" class=\"wpcf7-form-control wpcf7-textarea wpcf7-validates-as-required\" aria-required=\"true\" aria-invalid=\"false\"><\/textarea><\/span> <\/label><\/p>\n<p><input type=\"submit\" value=\"Send\" class=\"wpcf7-form-control wpcf7-submit\" \/><\/p>\n<div class=\"wpcf7-response-output wpcf7-display-none\"><\/div><\/form><\/div>\n<\/div><\/section><\/div>\n\n<div class=\"flex_column av_one_third  av-animated-generic bottom-to-top  flex_column_div av-zero-column-padding   \" style='border-radius:0px; '><section class=\"av_textblock_section \"  itemscope=\"itemscope\" itemtype=\"https:\/\/schema.org\/CreativeWork\" ><div class='avia_textblock  '   itemprop=\"text\" ><p><strong>\u0130stanbul (Head Office)<\/strong><br \/>\nHakk\u0131 \u0130leri Cad. No: 54 Had\u0131mk\u00f6y 34555 \u0130stanbul \/ Turkey<br \/>\nPhone: +90 212 771 44 10<br \/>\nE-mail: <a href=\"mailto:info@laszirh.com\">info@laszirh.com<\/a><br \/>\nGSM:\u00a0+90 533 644 30 63<\/p>\n<p><strong>Ankara<\/strong><br \/>\nMelih G\u00f6k\u00e7ek Bulvar\u0131 1542 Sok. No: 17 \u0130vedik O.S.B Ankara \/\u00a0Turkey<br \/>\nPhone: +90 312 394 06 18<br \/>\nE-mail: <a href=\"mailto:info@sdl.com.tr\">info@sdl.com.tr<\/a><br \/>\nGSM: +90 532 277 99 23<\/p>\n<p><strong>K\u0131r\u0131kkale<\/strong><br \/>\nK\u0131z\u0131l\u0131rmak Cad. 2. Sok. No: 14 Organize Sanayi B\u00f6lgesi Yah\u015fihan \/ K\u0131r\u0131kkale \/\u00a0Turkey<br \/>\nPhone: +90 318 321 32 19<br \/>\nE-mail: <a href=\"mailto:fabrika@sdl.com.tr\">fabrika@sdl.com.tr<\/a><br \/>\nGSM: +90 532 277 99 23<\/p>\n<p><strong>Denizli<\/strong><br \/>\nKakl\u0131k Sanayi Sitesi No: 5-28 Kakl\u0131k Denizli \/\u00a0Turkey<br \/>\nPhone: +90 258 816 22 55<br \/>\nE-mail: <a href=\"mailto:ege@sdl.com.tr\">ege@sdl.com.tr<\/a><br \/>\nGSM: +90 533 924 38 27<\/p>\n<p><strong>Diyarbak\u0131r<\/strong><br \/>\nMetal \u0130\u015fleri Yap\u0131 Koop. D Blok No: 11 Ba\u011flar \/ Diyarbak\u0131r \/\u00a0Turkey<br \/>\nPhone: +90 412 237 41 49<br \/>\nE-mail: <a href=\"mailto:diyarbakir@sdl.com.tr\">diyarbakir@sdl.com.tr<\/a><br \/>\nGSM: +90 533 727 29 70<\/p>\n<p><strong>Laszirh Americas Inc.<\/strong><br \/>\n350 Lincoln Road 2nd Floor Miami FL, 33139<br \/>\nPhone: +1 305 942 759<br \/>\nE-mail: <a href=\"mailto:sales@laszirhusa.com\">sales@laszirhusa.com<\/a><br \/>\nWeb: laszirhusa.com<\/p>\n<\/div><\/section><\/div>\t\t\t\t\t\t<\/div>\n\t\t\t\t<\/div>\n\t\t\t\t\t<\/div>\n\t\t<\/div>\n\t\t\t\t\t<\/div>\n\t\t<\/section>\n\t\t\t\t<\/div>\n\t\t","protected":false},"excerpt":{"rendered":"","protected":false},"author":1,"featured_media":0,"parent":0,"menu_order":0,"comment_status":"closed","ping_status":"closed","template":"","meta":{"footnotes":"","_links_to":"","_links_to_target":""},"class_list":["post-286","page","type-page","status-publish","hentry"],"aioseo_notices":[],"_links":{"self":[{"href":"https:\/\/laszirh.com\/en\/wp-json\/wp\/v2\/pages\/286","targetHints":{"allow":["GET"]}}],"collection":[{"href":"https:\/\/laszirh.com\/en\/wp-json\/wp\/v2\/pages"}],"about":[{"href":"https:\/\/laszirh.com\/en\/wp-json\/wp\/v2\/types\/page"}],"author":[{"embeddable":true,"href":"https:\/\/laszirh.com\/en\/wp-json\/wp\/v2\/users\/1"}],"replies":[{"embeddable":true,"href":"https:\/\/laszirh.com\/en\/wp-json\/wp\/v2\/comments?post=286"}],"version-history":[{"count":17,"href":"https:\/\/laszirh.com\/en\/wp-json\/wp\/v2\/pages\/286\/revisions"}],"predecessor-version":[{"id":2109,"href":"https:\/\/laszirh.com\/en\/wp-json\/wp\/v2\/pages\/286\/revisions\/2109"}],"wp:attachment":[{"href":"https:\/\/laszirh.com\/en\/wp-json\/wp\/v2\/media?parent=286"}],"curies":[{"name":"wp","href":"https:\/\/api.w.org\/{rel}","templated":true}]}}