{"id":274,"date":"2020-02-15T13:20:49","date_gmt":"2020-02-15T10:20:49","guid":{"rendered":"http:\/\/laszirh.com\/?page_id=274"},"modified":"2023-10-02T14:23:03","modified_gmt":"2023-10-02T11:23:03","slug":"company-profile","status":"publish","type":"page","link":"https:\/\/laszirh.com\/en\/about-us\/company-profile\/","title":{"rendered":"Company Profile"},"content":{"rendered":"<\/div><\/div><\/div><!-- close content main div --><\/div><\/div><div id='av_section_1' class='avia-section main_color avia-section-default avia-no-shadow avia-bg-style-scroll   container_wrap sidebar_right'   ><div class='container' ><div class='template-page content  av-content-small alpha units'><div class='post-entry post-entry-type-page post-entry-274'><div class='entry-content-wrapper clearfix'>\n<div style='padding-bottom:10px;' class='av-special-heading av-special-heading-h1     '><h1 class='av-special-heading-tag '  itemprop=\"headline\"  >COMPANY PROFILE<\/h1><div class='special-heading-border'><div class='special-heading-inner-border' ><\/div><\/div><\/div>\n<div style='height:30px' class='hr hr-invisible  '><span class='hr-inner ' ><span class='hr-inner-style'><\/span><\/span><\/div>\n<div class=\"flex_column av_one_half  flex_column_div av-zero-column-padding first  \" style='border-radius:0px; '><section class=\"av_textblock_section \"  itemscope=\"itemscope\" itemtype=\"https:\/\/schema.org\/CreativeWork\" ><div class='avia_textblock  '   itemprop=\"text\" ><p><img fetchpriority=\"high\" decoding=\"async\" class=\"alignnone size-full wp-image-283\" src=\"http:\/\/laszirh.com\/wp-content\/uploads\/2020\/02\/sirket-profili-image.jpg\" alt=\"\" width=\"568\" height=\"568\" srcset=\"https:\/\/laszirh.com\/en\/wp-content\/uploads\/2020\/02\/sirket-profili-image.jpg 568w, https:\/\/laszirh.com\/en\/wp-content\/uploads\/2020\/02\/sirket-profili-image-80x80.jpg 80w, https:\/\/laszirh.com\/en\/wp-content\/uploads\/2020\/02\/sirket-profili-image-300x300.jpg 300w, https:\/\/laszirh.com\/en\/wp-content\/uploads\/2020\/02\/sirket-profili-image-36x36.jpg 36w, https:\/\/laszirh.com\/en\/wp-content\/uploads\/2020\/02\/sirket-profili-image-180x180.jpg 180w, https:\/\/laszirh.com\/en\/wp-content\/uploads\/2020\/02\/sirket-profili-image-120x120.jpg 120w, https:\/\/laszirh.com\/en\/wp-content\/uploads\/2020\/02\/sirket-profili-image-450x450.jpg 450w\" sizes=\"(max-width: 568px) 100vw, 568px\" \/><\/p>\n<\/div><\/section><\/div><div class=\"flex_column av_one_half  flex_column_div av-zero-column-padding   \" style='border-radius:0px; '><section class=\"av_textblock_section \"  itemscope=\"itemscope\" itemtype=\"https:\/\/schema.org\/CreativeWork\" ><div class='avia_textblock  '   itemprop=\"text\" ><p>LAS ZIRH \u2013 \u015eDL manufactures chains in totality in its own modern production plants including forging, welding, heat treatment, mould making, quality control laboratory and packaging in Istanbul and in Ankara, Turkey with its own brand name, Patent, Industrial Design Rights and Engineering under the quality standards of EN \u2013 TSE 663 and ISO 9001 Quality Standart Certifcates. LAS ZIRH &#8211; \u015eDL now has two production plants, a modern 10,000 square meters facility in Had\u0131mk\u00f6y, \u0130stanbul and a 11,000 square meters facility located in K\u0131r\u0131kkale, Ankara<\/p>\n<p>LAS ZIRH &#8211; \u015eDL has established in itself in the Top 3 Tyre Chain manufacturing companies with exports to over 60 countries in 5 continents. The first and most successful Tyre Protection Chain manufacturer of the region. LAS ZIRH \u2013 \u015eDL has more than 4.000 end users in Open Pit and Underground Mining, Tunnelling, Quarrying, Recycling, Cement Plants, Forestry, Earth Moving, Hot Slag Operations, Scrap Yards, Metal and Glass Works, Foresty and Snow Removing.<\/p>\n<p>LAS ZIRH \u2013 \u015eDL has the capacity to produce TPC`s in every size for every type of tyre in 12, 14, 16, 18, 20, 22 and 23 mm models in Square, Hexagon and in Decagon Patterns.<\/p>\n<p>Immediate delivery of the chains and spare parts from the inventory is Istanbul, Ankara and USA. LAS ZIRH \u2013 \u015eDL has its own logictics department for packaging of spare parts and wooden transport crates for the chains in E.U. and ISPM Standarts.<\/p>\n<\/div><\/section><\/div><\/div><\/div><\/div><!-- close content main div --><\/div><\/div><div id='after_section_1' class='main_color av_default_container_wrap container_wrap sidebar_right'   ><div class='container' ><div class='template-page content  av-content-small alpha units'><div class='post-entry post-entry-type-page post-entry-274'><div class='entry-content-wrapper clearfix'>\n","protected":false},"excerpt":{"rendered":"","protected":false},"author":1,"featured_media":0,"parent":270,"menu_order":0,"comment_status":"closed","ping_status":"closed","template":"","meta":{"footnotes":"","_links_to":"","_links_to_target":""},"class_list":["post-274","page","type-page","status-publish","hentry"],"aioseo_notices":[],"_links":{"self":[{"href":"https:\/\/laszirh.com\/en\/wp-json\/wp\/v2\/pages\/274","targetHints":{"allow":["GET"]}}],"collection":[{"href":"https:\/\/laszirh.com\/en\/wp-json\/wp\/v2\/pages"}],"about":[{"href":"https:\/\/laszirh.com\/en\/wp-json\/wp\/v2\/types\/page"}],"author":[{"embeddable":true,"href":"https:\/\/laszirh.com\/en\/wp-json\/wp\/v2\/users\/1"}],"replies":[{"embeddable":true,"href":"https:\/\/laszirh.com\/en\/wp-json\/wp\/v2\/comments?post=274"}],"version-history":[{"count":9,"href":"https:\/\/laszirh.com\/en\/wp-json\/wp\/v2\/pages\/274\/revisions"}],"predecessor-version":[{"id":1377,"href":"https:\/\/laszirh.com\/en\/wp-json\/wp\/v2\/pages\/274\/revisions\/1377"}],"up":[{"embeddable":true,"href":"https:\/\/laszirh.com\/en\/wp-json\/wp\/v2\/pages\/270"}],"wp:attachment":[{"href":"https:\/\/laszirh.com\/en\/wp-json\/wp\/v2\/media?parent=274"}],"curies":[{"name":"wp","href":"https:\/\/api.w.org\/{rel}","templated":true}]}}